{"id":568,"date":"2024-05-23T13:24:31","date_gmt":"2024-05-23T11:24:31","guid":{"rendered":"https:\/\/hablemosdeprevencion.com\/?page_id=568"},"modified":"2024-05-23T13:24:31","modified_gmt":"2024-05-23T11:24:31","slug":"reembolso_devoluciones","status":"publish","type":"page","link":"https:\/\/hablemosdeprevencion.com\/index.php\/reembolso_devoluciones\/","title":{"rendered":"Pol\u00edtica de devoluciones y reembolsos"},"content":{"rendered":"\n<h3 class=\"wp-block-heading\">Pol\u00edtica de Reembolsos y Devoluciones<\/h3>\n\n\n\n<p>Nuestra pol\u00edtica de reembolsos y devoluciones tiene una duraci\u00f3n de 10 d\u00edas. Si han pasado 10 d\u00edas desde su compra, no podemos ofrecerle un reembolso completo ni un cambio.<\/p>\n\n\n\n<h3 class=\"wp-block-heading\">Criterios de Elegibilidad para Devoluciones<\/h3>\n\n\n\n<p>Para ser elegible para una devoluci\u00f3n, su infoproducto digital debe no haber sido descargado ni accedido.<\/p>\n\n\n\n<h3 class=\"wp-block-heading\">Art\u00edculos Exentos<\/h3>\n\n\n\n<p>Varios tipos de infoproductos est\u00e1n exentos de ser devueltos:<\/p>\n\n\n\n<ul class=\"wp-block-list\">\n<li>Software descargable<\/li>\n\n\n\n<li>Cursos online una vez accesados<\/li>\n\n\n\n<li>Suscripciones ya activadas<\/li>\n<\/ul>\n\n\n\n<h3 class=\"wp-block-heading\">Requisitos para la Devoluci\u00f3n<\/h3>\n\n\n\n<p>Para completar su devoluci\u00f3n, requerimos un recibo o prueba de compra.<\/p>\n\n\n\n<h3 class=\"wp-block-heading\">Reembolsos<\/h3>\n\n\n\n<p>Una vez que su solicitud de devoluci\u00f3n sea recibida e inspeccionada, le enviaremos un correo electr\u00f3nico para notificarle que hemos recibido su solicitud. Tambi\u00e9n le notificaremos la aprobaci\u00f3n o rechazo de su reembolso. Si es aprobado, se procesar\u00e1 su reembolso y se aplicar\u00e1 un cr\u00e9dito autom\u00e1ticamente a su tarjeta de cr\u00e9dito o m\u00e9todo original de pago, dentro de unos d\u00edas.<\/p>\n\n\n\n<h3 class=\"wp-block-heading\">Reembolsos Tard\u00edos o Perdidos<\/h3>\n\n\n\n<p>Si a\u00fan no ha recibido un reembolso, primero verifique nuevamente su cuenta bancaria. Luego, contacte a su compa\u00f1\u00eda de tarjeta de cr\u00e9dito, puede tomar alg\u00fan tiempo antes de que su reembolso sea oficialmente publicado. Luego, contacte a su banco. A menudo hay alg\u00fan tiempo de procesamiento antes de que se publique un reembolso. Si ha hecho todo esto y a\u00fan no ha recibido su reembolso, por favor cont\u00e1ctenos en {correo electr\u00f3nico}.<\/p>\n\n\n\n<h3 class=\"wp-block-heading\">Art\u00edculos en Oferta<\/h3>\n\n\n\n<p>Solo los infoproductos a precio regular pueden ser reembolsados. Los infoproductos en oferta no pueden ser reembolsados.<\/p>\n\n\n\n<h3 class=\"wp-block-heading\">Cambios<\/h3>\n\n\n\n<p>Solo reemplazamos infoproductos si hay un defecto t\u00e9cnico que impida el acceso o uso del contenido. Si necesita cambiarlo por el mismo infoproducto, env\u00edenos un correo electr\u00f3nico a {correo electr\u00f3nico}.<\/p>\n\n\n\n<h3 class=\"wp-block-heading\">Regalos<\/h3>\n\n\n\n<p>Si el infoproducto fue marcado como un regalo cuando se compr\u00f3, recibir\u00e1 un cr\u00e9dito de regalo por el valor de su devoluci\u00f3n. Una vez que se reciba la solicitud y sea aprobada, se le enviar\u00e1 un certificado de regalo.<\/p>\n\n\n\n<h3 class=\"wp-block-heading\">\u00bfNecesita Ayuda?<\/h3>\n\n\n\n<p>Cont\u00e1ctenos en {correo electr\u00f3nico} para preguntas relacionadas con reembolsos y devoluciones.<\/p>\n","protected":false},"excerpt":{"rendered":"<p>Pol\u00edtica de Reembolsos y Devoluciones Nuestra pol\u00edtica de reembolsos y devoluciones tiene una duraci\u00f3n de 10 d\u00edas. Si han pasado 10 d\u00edas desde su compra, no podemos ofrecerle un reembolso completo ni un cambio. Criterios de Elegibilidad para Devoluciones Para ser elegible para una devoluci\u00f3n, su infoproducto digital debe no haber sido descargado ni accedido&#8230;.<\/p>\n","protected":false},"author":1,"featured_media":0,"parent":0,"menu_order":0,"comment_status":"closed","ping_status":"closed","template":"","meta":{"_kadence_starter_templates_imported_post":false,"_kad_post_transparent":"","_kad_post_title":"","_kad_post_layout":"","_kad_post_sidebar_id":"","_kad_post_content_style":"","_kad_post_vertical_padding":"","_kad_post_feature":"","_kad_post_feature_position":"","_kad_post_header":false,"_kad_post_footer":false,"_kad_post_classname":"","_joinchat":[],"footnotes":""},"class_list":["post-568","page","type-page","status-publish","hentry"],"publishpress_future_action":{"enabled":false,"date":"2026-05-11 15:54:54","action":"change-status","newStatus":"draft","terms":[],"taxonomy":"","extraData":[]},"publishpress_future_workflow_manual_trigger":{"enabledWorkflows":[]},"_links":{"self":[{"href":"https:\/\/hablemosdeprevencion.com\/index.php\/wp-json\/wp\/v2\/pages\/568","targetHints":{"allow":["GET"]}}],"collection":[{"href":"https:\/\/hablemosdeprevencion.com\/index.php\/wp-json\/wp\/v2\/pages"}],"about":[{"href":"https:\/\/hablemosdeprevencion.com\/index.php\/wp-json\/wp\/v2\/types\/page"}],"author":[{"embeddable":true,"href":"https:\/\/hablemosdeprevencion.com\/index.php\/wp-json\/wp\/v2\/users\/1"}],"replies":[{"embeddable":true,"href":"https:\/\/hablemosdeprevencion.com\/index.php\/wp-json\/wp\/v2\/comments?post=568"}],"version-history":[{"count":1,"href":"https:\/\/hablemosdeprevencion.com\/index.php\/wp-json\/wp\/v2\/pages\/568\/revisions"}],"predecessor-version":[{"id":665,"href":"https:\/\/hablemosdeprevencion.com\/index.php\/wp-json\/wp\/v2\/pages\/568\/revisions\/665"}],"wp:attachment":[{"href":"https:\/\/hablemosdeprevencion.com\/index.php\/wp-json\/wp\/v2\/media?parent=568"}],"curies":[{"name":"wp","href":"https:\/\/api.w.org\/{rel}","templated":true}]}}